{"id":13,"date":"2021-11-17T15:33:01","date_gmt":"2021-11-17T14:33:01","guid":{"rendered":"https:\/\/lecoledautrefois.net\/wordpress\/?page_id=13"},"modified":"2024-05-09T07:33:56","modified_gmt":"2024-05-09T06:33:56","slug":"on-parle-de-nous","status":"publish","type":"page","link":"https:\/\/lecoledautrefois.net\/wordpress\/on-parle-de-nous\/","title":{"rendered":"On parle de nous &#8230;"},"content":{"rendered":"\n<div class=\"wp-block-jetpack-tiled-gallery aligncenter\"><div class=\"is-style-rectangular\"><div class=\"tiled-gallery__gallery\"><div class=\"tiled-gallery__row\"><div class=\"tiled-gallery__col\" style=\"flex-basis:52.30644%\"><figure class=\"tiled-gallery__item\"><a href=\"https:\/\/i0.wp.com\/lecoledautrefois.net\/wordpress\/wp-content\/uploads\/2024\/05\/422049315_476370964957873_5714630809156433712_n-898x1024.jpg?ssl=1\"><img decoding=\"async\" alt=\"\" data-height=\"1604\" data-id=\"454\" data-link=\"https:\/\/lecoledautrefois.net\/wordpress\/on-parle-de-nous\/422049315_476370964957873_5714630809156433712_n\/\" data-url=\"https:\/\/lecoledautrefois.net\/wordpress\/wp-content\/uploads\/2024\/05\/422049315_476370964957873_5714630809156433712_n-898x1024.jpg\" data-width=\"1406\" src=\"https:\/\/i2.wp.com\/lecoledautrefois.net\/wordpress\/wp-content\/uploads\/2024\/05\/422049315_476370964957873_5714630809156433712_n-898x1024.jpg?ssl=1\" data-amp-layout=\"responsive\"\/><\/a><\/figure><\/div><div class=\"tiled-gallery__col\" style=\"flex-basis:47.69356%\"><figure class=\"tiled-gallery__item\"><a href=\"https:\/\/i0.wp.com\/lecoledautrefois.net\/wordpress\/wp-content\/uploads\/2022\/07\/article-vitry-818x1024.jpg?ssl=1\"><img decoding=\"async\" alt=\"Belle reconnaissance du journal de l'Union de la Marne pour le mus\u00e9e de l'Ecole d'Autrefois\" data-height=\"1170\" data-id=\"357\" data-link=\"https:\/\/lecoledautrefois.net\/wordpress\/on-parle-de-nous\/article-vitry\/\" data-url=\"https:\/\/lecoledautrefois.net\/wordpress\/wp-content\/uploads\/2022\/07\/article-vitry-818x1024.jpg\" data-width=\"935\" src=\"https:\/\/i1.wp.com\/lecoledautrefois.net\/wordpress\/wp-content\/uploads\/2022\/07\/article-vitry-818x1024.jpg?ssl=1\" data-amp-layout=\"responsive\"\/><\/a><\/figure><\/div><\/div><div class=\"tiled-gallery__row\"><div class=\"tiled-gallery__col\" style=\"flex-basis:100.00000%\"><figure class=\"tiled-gallery__item\"><a href=\"https:\/\/i0.wp.com\/lecoledautrefois.net\/wordpress\/wp-content\/uploads\/2022\/03\/capitole-3-2-1024x731-1.jpg?ssl=1\"><img decoding=\"async\" alt=\"\" data-height=\"463\" data-id=\"342\" data-link=\"https:\/\/lecoledautrefois.net\/wordpress\/on-parle-de-nous\/capitole-3-2-1024x731-1\/\" data-url=\"https:\/\/lecoledautrefois.net\/wordpress\/wp-content\/uploads\/2022\/03\/capitole-3-2-1024x731-1.jpg\" data-width=\"976\" src=\"https:\/\/i0.wp.com\/lecoledautrefois.net\/wordpress\/wp-content\/uploads\/2022\/03\/capitole-3-2-1024x731-1.jpg?ssl=1\" data-amp-layout=\"responsive\"\/><\/a><\/figure><\/div><\/div><div class=\"tiled-gallery__row\"><div class=\"tiled-gallery__col\" style=\"flex-basis:31.46618%\"><figure class=\"tiled-gallery__item\"><a href=\"https:\/\/i0.wp.com\/lecoledautrefois.net\/wordpress\/wp-content\/uploads\/2022\/02\/site-motard.jpg?ssl=1\"><img decoding=\"async\" alt=\"\" data-height=\"896\" data-id=\"322\" data-link=\"https:\/\/lecoledautrefois.net\/wordpress\/on-parle-de-nous\/site-motard\/\" data-url=\"https:\/\/lecoledautrefois.net\/wordpress\/wp-content\/uploads\/2022\/02\/site-motard.jpg\" data-width=\"588\" src=\"https:\/\/i1.wp.com\/lecoledautrefois.net\/wordpress\/wp-content\/uploads\/2022\/02\/site-motard.jpg?ssl=1\" data-amp-layout=\"responsive\"\/><\/a><\/figure><\/div><div class=\"tiled-gallery__col\" style=\"flex-basis:33.73580%\"><figure class=\"tiled-gallery__item\"><a href=\"https:\/\/i0.wp.com\/lecoledautrefois.net\/wordpress\/wp-content\/uploads\/2021\/11\/02-1-1024x724.jpg?ssl=1\"><img decoding=\"async\" alt=\"\" data-height=\"1240\" data-id=\"49\" data-link=\"https:\/\/lecoledautrefois.net\/wordpress\/on-parle-de-nous\/02-1\/\" data-url=\"https:\/\/lecoledautrefois.net\/wordpress\/wp-content\/uploads\/2021\/11\/02-1-1024x724.jpg\" data-width=\"1754\" src=\"https:\/\/i1.wp.com\/lecoledautrefois.net\/wordpress\/wp-content\/uploads\/2021\/11\/02-1-1024x724.jpg?ssl=1\" data-amp-layout=\"responsive\"\/><\/a><\/figure><figure class=\"tiled-gallery__item\"><a href=\"https:\/\/i0.wp.com\/lecoledautrefois.net\/wordpress\/wp-content\/uploads\/2021\/11\/04-1024x720.jpg?ssl=1\"><img decoding=\"async\" alt=\"\" data-height=\"872\" data-id=\"51\" data-link=\"https:\/\/lecoledautrefois.net\/wordpress\/on-parle-de-nous\/attachment\/04\/\" data-url=\"https:\/\/lecoledautrefois.net\/wordpress\/wp-content\/uploads\/2021\/11\/04-1024x720.jpg\" data-width=\"1240\" src=\"https:\/\/i2.wp.com\/lecoledautrefois.net\/wordpress\/wp-content\/uploads\/2021\/11\/04-1024x720.jpg?ssl=1\" data-amp-layout=\"responsive\"\/><\/a><\/figure><\/div><div class=\"tiled-gallery__col\" style=\"flex-basis:34.79802%\"><figure class=\"tiled-gallery__item\"><a href=\"https:\/\/i0.wp.com\/lecoledautrefois.net\/wordpress\/wp-content\/uploads\/2021\/11\/03-744x1024.jpg?ssl=1\"><img decoding=\"async\" alt=\"\" data-height=\"1172\" data-id=\"50\" data-link=\"https:\/\/lecoledautrefois.net\/wordpress\/on-parle-de-nous\/attachment\/03\/\" data-url=\"https:\/\/lecoledautrefois.net\/wordpress\/wp-content\/uploads\/2021\/11\/03-744x1024.jpg\" data-width=\"851\" src=\"https:\/\/i0.wp.com\/lecoledautrefois.net\/wordpress\/wp-content\/uploads\/2021\/11\/03-744x1024.jpg?ssl=1\" data-amp-layout=\"responsive\"\/><\/a><\/figure><\/div><\/div><div class=\"tiled-gallery__row\"><div class=\"tiled-gallery__col\" style=\"flex-basis:31.64587%\"><figure class=\"tiled-gallery__item\"><a href=\"https:\/\/i0.wp.com\/lecoledautrefois.net\/wordpress\/wp-content\/uploads\/2021\/11\/06-1024x730.jpg?ssl=1\"><img decoding=\"async\" alt=\"\" data-height=\"830\" data-id=\"53\" data-link=\"https:\/\/lecoledautrefois.net\/wordpress\/on-parle-de-nous\/attachment\/06\/\" data-url=\"https:\/\/lecoledautrefois.net\/wordpress\/wp-content\/uploads\/2021\/11\/06-1024x730.jpg\" data-width=\"1164\" src=\"https:\/\/i2.wp.com\/lecoledautrefois.net\/wordpress\/wp-content\/uploads\/2021\/11\/06-1024x730.jpg?ssl=1\" data-amp-layout=\"responsive\"\/><\/a><\/figure><\/div><div class=\"tiled-gallery__col\" style=\"flex-basis:56.06251%\"><figure class=\"tiled-gallery__item\"><a href=\"https:\/\/i0.wp.com\/lecoledautrefois.net\/wordpress\/wp-content\/uploads\/2021\/11\/05-1024x411.jpg?ssl=1\"><img decoding=\"async\" alt=\"\" data-height=\"589\" data-id=\"52\" data-link=\"https:\/\/lecoledautrefois.net\/wordpress\/on-parle-de-nous\/attachment\/05\/\" data-url=\"https:\/\/lecoledautrefois.net\/wordpress\/wp-content\/uploads\/2021\/11\/05-1024x411.jpg\" data-width=\"1466\" src=\"https:\/\/i0.wp.com\/lecoledautrefois.net\/wordpress\/wp-content\/uploads\/2021\/11\/05-1024x411.jpg?ssl=1\" data-amp-layout=\"responsive\"\/><\/a><\/figure><\/div><div class=\"tiled-gallery__col\" style=\"flex-basis:12.29162%\"><figure class=\"tiled-gallery__item\"><a href=\"https:\/\/i0.wp.com\/lecoledautrefois.net\/wordpress\/wp-content\/uploads\/2021\/11\/01-1-554x1024.jpg?ssl=1\"><img decoding=\"async\" alt=\"\" data-height=\"1410\" data-id=\"48\" data-link=\"https:\/\/lecoledautrefois.net\/wordpress\/on-parle-de-nous\/01-1\/\" data-url=\"https:\/\/lecoledautrefois.net\/wordpress\/wp-content\/uploads\/2021\/11\/01-1-554x1024.jpg\" data-width=\"763\" src=\"https:\/\/i0.wp.com\/lecoledautrefois.net\/wordpress\/wp-content\/uploads\/2021\/11\/01-1-554x1024.jpg?ssl=1\" data-amp-layout=\"responsive\"\/><\/a><\/figure><\/div><\/div><\/div><\/div><\/div>\n","protected":false},"excerpt":{"rendered":"","protected":false},"author":1,"featured_media":0,"parent":0,"menu_order":0,"comment_status":"closed","ping_status":"closed","template":"","meta":{"_crdt_document":"","footnotes":""},"class_list":["post-13","page","type-page","status-publish","hentry","no-post-thumbnail"],"yoast_head":"<!-- This site is optimized with the Yoast SEO plugin v27.4 - https:\/\/yoast.com\/product\/yoast-seo-wordpress\/ -->\n<title>On parle de nous ... - L&#039;\u00e9cole d&#039;autrefois<\/title>\n<meta name=\"robots\" content=\"index, follow, max-snippet:-1, max-image-preview:large, max-video-preview:-1\" \/>\n<link rel=\"canonical\" href=\"https:\/\/lecoledautrefois.net\/wordpress\/on-parle-de-nous\/\" \/>\n<meta property=\"og:locale\" content=\"fr_FR\" \/>\n<meta property=\"og:type\" content=\"article\" \/>\n<meta property=\"og:title\" content=\"On parle de nous ... - L&#039;\u00e9cole d&#039;autrefois\" \/>\n<meta property=\"og:url\" content=\"https:\/\/lecoledautrefois.net\/wordpress\/on-parle-de-nous\/\" \/>\n<meta property=\"og:site_name\" content=\"L&#039;\u00e9cole d&#039;autrefois\" \/>\n<meta property=\"article:modified_time\" content=\"2024-05-09T06:33:56+00:00\" \/>\n<meta property=\"og:image\" content=\"https:\/\/i2.wp.com\/lecoledautrefois.net\/wordpress\/wp-content\/uploads\/2024\/05\/422049315_476370964957873_5714630809156433712_n-898x1024.jpg?ssl=1\" \/>\n<meta name=\"twitter:card\" content=\"summary_large_image\" \/>\n<meta name=\"twitter:label1\" content=\"Dur\u00e9e de lecture estim\u00e9e\" \/>\n\t<meta name=\"twitter:data1\" content=\"2 minutes\" \/>\n<script type=\"application\/ld+json\" class=\"yoast-schema-graph\">{\"@context\":\"https:\\\/\\\/schema.org\",\"@graph\":[{\"@type\":\"WebPage\",\"@id\":\"https:\\\/\\\/lecoledautrefois.net\\\/wordpress\\\/on-parle-de-nous\\\/\",\"url\":\"https:\\\/\\\/lecoledautrefois.net\\\/wordpress\\\/on-parle-de-nous\\\/\",\"name\":\"On parle de nous ... - L&#039;\u00e9cole d&#039;autrefois\",\"isPartOf\":{\"@id\":\"https:\\\/\\\/lecoledautrefois.net\\\/wordpress\\\/#website\"},\"primaryImageOfPage\":{\"@id\":\"https:\\\/\\\/lecoledautrefois.net\\\/wordpress\\\/on-parle-de-nous\\\/#primaryimage\"},\"image\":{\"@id\":\"https:\\\/\\\/lecoledautrefois.net\\\/wordpress\\\/on-parle-de-nous\\\/#primaryimage\"},\"thumbnailUrl\":\"https:\\\/\\\/i2.wp.com\\\/lecoledautrefois.net\\\/wordpress\\\/wp-content\\\/uploads\\\/2024\\\/05\\\/422049315_476370964957873_5714630809156433712_n-898x1024.jpg?ssl=1\",\"datePublished\":\"2021-11-17T14:33:01+00:00\",\"dateModified\":\"2024-05-09T06:33:56+00:00\",\"breadcrumb\":{\"@id\":\"https:\\\/\\\/lecoledautrefois.net\\\/wordpress\\\/on-parle-de-nous\\\/#breadcrumb\"},\"inLanguage\":\"fr-FR\",\"potentialAction\":[{\"@type\":\"ReadAction\",\"target\":[\"https:\\\/\\\/lecoledautrefois.net\\\/wordpress\\\/on-parle-de-nous\\\/\"]}]},{\"@type\":\"ImageObject\",\"inLanguage\":\"fr-FR\",\"@id\":\"https:\\\/\\\/lecoledautrefois.net\\\/wordpress\\\/on-parle-de-nous\\\/#primaryimage\",\"url\":\"https:\\\/\\\/i2.wp.com\\\/lecoledautrefois.net\\\/wordpress\\\/wp-content\\\/uploads\\\/2024\\\/05\\\/422049315_476370964957873_5714630809156433712_n-898x1024.jpg?ssl=1\",\"contentUrl\":\"https:\\\/\\\/i2.wp.com\\\/lecoledautrefois.net\\\/wordpress\\\/wp-content\\\/uploads\\\/2024\\\/05\\\/422049315_476370964957873_5714630809156433712_n-898x1024.jpg?ssl=1\"},{\"@type\":\"BreadcrumbList\",\"@id\":\"https:\\\/\\\/lecoledautrefois.net\\\/wordpress\\\/on-parle-de-nous\\\/#breadcrumb\",\"itemListElement\":[{\"@type\":\"ListItem\",\"position\":1,\"name\":\"Accueil\",\"item\":\"https:\\\/\\\/lecoledautrefois.net\\\/wordpress\\\/\"},{\"@type\":\"ListItem\",\"position\":2,\"name\":\"On parle de nous &#8230;\"}]},{\"@type\":\"WebSite\",\"@id\":\"https:\\\/\\\/lecoledautrefois.net\\\/wordpress\\\/#website\",\"url\":\"https:\\\/\\\/lecoledautrefois.net\\\/wordpress\\\/\",\"name\":\"L&#039;\u00e9cole d&#039;autrefois\",\"description\":\"Site du mus\u00e9e de L&#039;Ecole d&#039;Autrefois \u00e0 Roches sur Marne\",\"potentialAction\":[{\"@type\":\"SearchAction\",\"target\":{\"@type\":\"EntryPoint\",\"urlTemplate\":\"https:\\\/\\\/lecoledautrefois.net\\\/wordpress\\\/?s={search_term_string}\"},\"query-input\":{\"@type\":\"PropertyValueSpecification\",\"valueRequired\":true,\"valueName\":\"search_term_string\"}}],\"inLanguage\":\"fr-FR\"}]}<\/script>\n<!-- \/ Yoast SEO plugin. -->","yoast_head_json":{"title":"On parle de nous ... - L&#039;\u00e9cole d&#039;autrefois","robots":{"index":"index","follow":"follow","max-snippet":"max-snippet:-1","max-image-preview":"max-image-preview:large","max-video-preview":"max-video-preview:-1"},"canonical":"https:\/\/lecoledautrefois.net\/wordpress\/on-parle-de-nous\/","og_locale":"fr_FR","og_type":"article","og_title":"On parle de nous ... - L&#039;\u00e9cole d&#039;autrefois","og_url":"https:\/\/lecoledautrefois.net\/wordpress\/on-parle-de-nous\/","og_site_name":"L&#039;\u00e9cole d&#039;autrefois","article_modified_time":"2024-05-09T06:33:56+00:00","og_image":[{"url":"https:\/\/i2.wp.com\/lecoledautrefois.net\/wordpress\/wp-content\/uploads\/2024\/05\/422049315_476370964957873_5714630809156433712_n-898x1024.jpg?ssl=1","type":"","width":"","height":""}],"twitter_card":"summary_large_image","twitter_misc":{"Dur\u00e9e de lecture estim\u00e9e":"2 minutes"},"schema":{"@context":"https:\/\/schema.org","@graph":[{"@type":"WebPage","@id":"https:\/\/lecoledautrefois.net\/wordpress\/on-parle-de-nous\/","url":"https:\/\/lecoledautrefois.net\/wordpress\/on-parle-de-nous\/","name":"On parle de nous ... - L&#039;\u00e9cole d&#039;autrefois","isPartOf":{"@id":"https:\/\/lecoledautrefois.net\/wordpress\/#website"},"primaryImageOfPage":{"@id":"https:\/\/lecoledautrefois.net\/wordpress\/on-parle-de-nous\/#primaryimage"},"image":{"@id":"https:\/\/lecoledautrefois.net\/wordpress\/on-parle-de-nous\/#primaryimage"},"thumbnailUrl":"https:\/\/i2.wp.com\/lecoledautrefois.net\/wordpress\/wp-content\/uploads\/2024\/05\/422049315_476370964957873_5714630809156433712_n-898x1024.jpg?ssl=1","datePublished":"2021-11-17T14:33:01+00:00","dateModified":"2024-05-09T06:33:56+00:00","breadcrumb":{"@id":"https:\/\/lecoledautrefois.net\/wordpress\/on-parle-de-nous\/#breadcrumb"},"inLanguage":"fr-FR","potentialAction":[{"@type":"ReadAction","target":["https:\/\/lecoledautrefois.net\/wordpress\/on-parle-de-nous\/"]}]},{"@type":"ImageObject","inLanguage":"fr-FR","@id":"https:\/\/lecoledautrefois.net\/wordpress\/on-parle-de-nous\/#primaryimage","url":"https:\/\/i2.wp.com\/lecoledautrefois.net\/wordpress\/wp-content\/uploads\/2024\/05\/422049315_476370964957873_5714630809156433712_n-898x1024.jpg?ssl=1","contentUrl":"https:\/\/i2.wp.com\/lecoledautrefois.net\/wordpress\/wp-content\/uploads\/2024\/05\/422049315_476370964957873_5714630809156433712_n-898x1024.jpg?ssl=1"},{"@type":"BreadcrumbList","@id":"https:\/\/lecoledautrefois.net\/wordpress\/on-parle-de-nous\/#breadcrumb","itemListElement":[{"@type":"ListItem","position":1,"name":"Accueil","item":"https:\/\/lecoledautrefois.net\/wordpress\/"},{"@type":"ListItem","position":2,"name":"On parle de nous &#8230;"}]},{"@type":"WebSite","@id":"https:\/\/lecoledautrefois.net\/wordpress\/#website","url":"https:\/\/lecoledautrefois.net\/wordpress\/","name":"L&#039;\u00e9cole d&#039;autrefois","description":"Site du mus\u00e9e de L&#039;Ecole d&#039;Autrefois \u00e0 Roches sur Marne","potentialAction":[{"@type":"SearchAction","target":{"@type":"EntryPoint","urlTemplate":"https:\/\/lecoledautrefois.net\/wordpress\/?s={search_term_string}"},"query-input":{"@type":"PropertyValueSpecification","valueRequired":true,"valueName":"search_term_string"}}],"inLanguage":"fr-FR"}]}},"_links":{"self":[{"href":"https:\/\/lecoledautrefois.net\/wordpress\/wp-json\/wp\/v2\/pages\/13","targetHints":{"allow":["GET"]}}],"collection":[{"href":"https:\/\/lecoledautrefois.net\/wordpress\/wp-json\/wp\/v2\/pages"}],"about":[{"href":"https:\/\/lecoledautrefois.net\/wordpress\/wp-json\/wp\/v2\/types\/page"}],"author":[{"embeddable":true,"href":"https:\/\/lecoledautrefois.net\/wordpress\/wp-json\/wp\/v2\/users\/1"}],"replies":[{"embeddable":true,"href":"https:\/\/lecoledautrefois.net\/wordpress\/wp-json\/wp\/v2\/comments?post=13"}],"version-history":[{"count":15,"href":"https:\/\/lecoledautrefois.net\/wordpress\/wp-json\/wp\/v2\/pages\/13\/revisions"}],"predecessor-version":[{"id":455,"href":"https:\/\/lecoledautrefois.net\/wordpress\/wp-json\/wp\/v2\/pages\/13\/revisions\/455"}],"wp:attachment":[{"href":"https:\/\/lecoledautrefois.net\/wordpress\/wp-json\/wp\/v2\/media?parent=13"}],"curies":[{"name":"wp","href":"https:\/\/api.w.org\/{rel}","templated":true}]}}